{"id":4287,"date":"2024-06-25T15:07:06","date_gmt":"2024-06-25T15:07:06","guid":{"rendered":"https:\/\/momsteel.com.pt\/area-reservada\/"},"modified":"2024-07-24T11:34:14","modified_gmt":"2024-07-24T11:34:14","slug":"area-reservada","status":"publish","type":"page","link":"https:\/\/momsteel.com.pt\/en\/area-reservada\/","title":{"rendered":"\u00c1rea Reservada"},"content":{"rendered":"\t\t<div data-elementor-type=\"wp-page\" data-elementor-id=\"4287\" class=\"elementor elementor-4287 elementor-3221\">\n\t\t\t\t<div class=\"elementor-element elementor-element-2b5f1cb reserved-login e-flex e-con-boxed e-con e-parent\" data-id=\"2b5f1cb\" data-element_type=\"container\" data-e-type=\"container\">\n\t\t\t\t\t<div class=\"e-con-inner\">\n\t\t\t\t<div class=\"elementor-element elementor-element-0c9499b elementor-widget elementor-widget-heading\" data-id=\"0c9499b\" data-element_type=\"widget\" data-e-type=\"widget\" data-widget_type=\"heading.default\">\n\t\t\t\t<div class=\"elementor-widget-container\">\n\t\t\t\t\t<h2 class=\"elementor-heading-title elementor-size-default\">Reserved Area<\/h2>\t\t\t\t<\/div>\n\t\t\t\t<\/div>\n\t\t<div class=\"elementor-element elementor-element-92a0c4b e-con-full e-flex e-con e-child\" data-id=\"92a0c4b\" data-element_type=\"container\" data-e-type=\"container\">\n\t\t<div class=\"elementor-element elementor-element-1262e82 e-con-full login-dialog e-flex e-con e-child\" data-id=\"1262e82\" data-element_type=\"container\" data-e-type=\"container\">\n\t\t\t\t<div class=\"elementor-element elementor-element-f3df04b reserved-intro elementor-widget elementor-widget-text-editor\" data-id=\"f3df04b\" data-element_type=\"widget\" data-e-type=\"widget\" data-widget_type=\"text-editor.default\">\n\t\t\t\t<div class=\"elementor-widget-container\">\n\t\t\t\t\t\t\t\t\t<p>To access your content, please login.<\/p>\t\t\t\t\t\t\t\t<\/div>\n\t\t\t\t<\/div>\n\t\t\t\t<div class=\"elementor-element elementor-element-9d9dabb form-login elementor-widget elementor-widget-shortcode\" data-id=\"9d9dabb\" data-element_type=\"widget\" data-e-type=\"widget\" data-widget_type=\"shortcode.default\">\n\t\t\t\t<div class=\"elementor-widget-container\">\n\t\t\t\t\t\t\t<div class=\"elementor-shortcode\">\n<div class=\"cleanlogin-container\">\t\t\n\n\t<form class=\"cleanlogin-form\" method=\"post\" action=\"https:\/\/momsteel.com.pt\/en\/area-reservada\/\" onsubmit=\"submit.disabled = true; return true;\">\n\t\t\t\n\t\t<fieldset>\n\n\t\t\t\t\t\t<div class=\"cleanlogin-field\">\n                <label for=\"log\">Username<\/label>\n\t\t\t\t<input class=\"cleanlogin-field-username\" type=\"text\" name=\"log\" placeholder=\"Username\" aria-label=\"Username\">\n\t\t\t<\/div>\n\t\t\t\n\t\t\t<div class=\"cleanlogin-field\">\n                <label for=\"pwd\">Password<\/label>\n\t\t\t\t<input class=\"cleanlogin-field-password\" type=\"password\" id=\"pwd\" name=\"pwd\" placeholder=\"Password\" aria-label=\"Password\">\n                <i class=\"bi bi-eye-slash\" id=\"togglePassword\"><\/i>\n\t\t\t<\/div>\n\n\t\t\t\t\t\n\t\t\t<input type=\"hidden\" name=\"clean_login_wpnonce\" value=\"d8fdccf61a\">\n            \n\t\t\t\t\t<\/fieldset>\n\t\t\n\t\t<fieldset>\n\t\t\t<input class=\"cleanlogin-field\" type=\"submit\" value=\"Log in\" name=\"submit\">\n\t\t\t<input type=\"hidden\" name=\"action\" value=\"login\">\n\t\t\t\n\t\t\t<div class=\"cleanlogin-field cleanlogin-field-remember\">\n\t\t\t\t<input type=\"checkbox\" id=\"rememberme\" name=\"rememberme\" value=\"forever\">\n\t\t\t\t<label for=\"rememberme\">Remember?<\/label>\n\t\t\t<\/div>\n\t\t<\/fieldset>\n\n\t\t\n\t\t<div class=\"cleanlogin-form-bottom\">\n\t\t\t\n            \n\t\t\t\t\t\t\t\t\t\n\t\t<\/div>\n\t\t\n\t<\/form>\n\n<\/div>\n\n<script>\nconst togglePassword = document.querySelector('#togglePassword');\nconst password = document.querySelector('#pwd');\n\ntogglePassword.addEventListener('click', function (e) {\n    const type = password.getAttribute('type') === 'password' ? 'text' : 'password';\n    password.setAttribute('type', type);\n    this.classList.toggle('bi-eye');\n});\n<\/script><\/div>\n\t\t\t\t\t\t<\/div>\n\t\t\t\t<\/div>\n\t\t\t\t<div class=\"elementor-element elementor-element-985cc2e restore-btn elementor-widget elementor-widget-heading\" data-id=\"985cc2e\" data-element_type=\"widget\" data-e-type=\"widget\" data-widget_type=\"heading.default\">\n\t\t\t\t<div class=\"elementor-widget-container\">\n\t\t\t\t\t<h6 class=\"elementor-heading-title elementor-size-default\">Recover password<\/h6>\t\t\t\t<\/div>\n\t\t\t\t<\/div>\n\t\t\t\t<div class=\"elementor-element elementor-element-1b97e58 reserved-link elementor-widget elementor-widget-text-editor\" data-id=\"1b97e58\" data-element_type=\"widget\" data-e-type=\"widget\" data-widget_type=\"text-editor.default\">\n\t\t\t\t<div class=\"elementor-widget-container\">\n\t\t\t\t\t\t\t\t\t<p><a href=\"https:\/\/momsteel.com.pt\/en\/area-reservada\/area-reservada-home\/\">ENTER<\/a><\/p>\t\t\t\t\t\t\t\t<\/div>\n\t\t\t\t<\/div>\n\t\t\t\t<\/div>\n\t\t\t\t<\/div>\n\t\t\t\t\t<\/div>\n\t\t\t\t<\/div>\n\t\t\t\t<\/div>\n\t\t","protected":false},"excerpt":{"rendered":"<p>Reserved Area To access your content, please login. Recover password ENTER<\/p>\n","protected":false},"author":1,"featured_media":0,"parent":0,"menu_order":0,"comment_status":"closed","ping_status":"closed","template":"","meta":{"_acf_changed":false,"footnotes":""},"class_list":["post-4287","page","type-page","status-publish","hentry"],"acf":[],"yoast_head":"<!-- This site is optimized with the Yoast SEO plugin v27.4 - https:\/\/yoast.com\/product\/yoast-seo-wordpress\/ -->\n<title>\u00c1rea Reservada - Momsteel<\/title>\n<meta name=\"description\" content=\"MOMSTEEL \u2013 EIFFAGE \u00e9 uma refer\u00eancia na conce\u00e7\u00e3o e constru\u00e7\u00e3o de estruturas met\u00e1licas, entregues no prazo acordado e com uma pegada ecol\u00f3gica reduzida\" \/>\n<meta name=\"robots\" content=\"index, follow, max-snippet:-1, max-image-preview:large, max-video-preview:-1\" \/>\n<link rel=\"canonical\" href=\"https:\/\/momsteel.com.pt\/en\/area-reservada\/\" \/>\n<meta property=\"og:locale\" content=\"en_US\" \/>\n<meta property=\"og:type\" content=\"article\" \/>\n<meta property=\"og:title\" content=\"\u00c1rea Reservada - Momsteel\" \/>\n<meta property=\"og:description\" content=\"MOMSTEEL \u2013 EIFFAGE \u00e9 uma refer\u00eancia na conce\u00e7\u00e3o e constru\u00e7\u00e3o de estruturas met\u00e1licas, entregues no prazo acordado e com uma pegada ecol\u00f3gica reduzida\" \/>\n<meta property=\"og:url\" content=\"https:\/\/momsteel.com.pt\/en\/area-reservada\/\" \/>\n<meta property=\"og:site_name\" content=\"Momsteel\" \/>\n<meta property=\"article:modified_time\" content=\"2024-07-24T11:34:14+00:00\" \/>\n<meta property=\"og:image\" content=\"https:\/\/momsteel.com.pt\/wp-content\/uploads\/2024\/06\/31-DSC_5600_MOMSTEEL-scaled.jpg\" \/>\n\t<meta property=\"og:image:width\" content=\"2560\" \/>\n\t<meta property=\"og:image:height\" content=\"1709\" \/>\n\t<meta property=\"og:image:type\" content=\"image\/jpeg\" \/>\n<meta name=\"twitter:card\" content=\"summary_large_image\" \/>\n<meta name=\"twitter:label1\" content=\"Est. reading time\" \/>\n\t<meta name=\"twitter:data1\" content=\"1 minute\" \/>\n<script type=\"application\/ld+json\" class=\"yoast-schema-graph\">{\"@context\":\"https:\\\/\\\/schema.org\",\"@graph\":[{\"@type\":\"WebPage\",\"@id\":\"https:\\\/\\\/momsteel.com.pt\\\/en\\\/area-reservada\\\/\",\"url\":\"https:\\\/\\\/momsteel.com.pt\\\/en\\\/area-reservada\\\/\",\"name\":\"\u00c1rea Reservada - Momsteel\",\"isPartOf\":{\"@id\":\"https:\\\/\\\/momsteel.com.pt\\\/en\\\/#website\"},\"datePublished\":\"2024-06-25T15:07:06+00:00\",\"dateModified\":\"2024-07-24T11:34:14+00:00\",\"description\":\"MOMSTEEL \u2013 EIFFAGE \u00e9 uma refer\u00eancia na conce\u00e7\u00e3o e constru\u00e7\u00e3o de estruturas met\u00e1licas, entregues no prazo acordado e com uma pegada ecol\u00f3gica reduzida\",\"breadcrumb\":{\"@id\":\"https:\\\/\\\/momsteel.com.pt\\\/en\\\/area-reservada\\\/#breadcrumb\"},\"inLanguage\":\"en-US\",\"potentialAction\":[{\"@type\":\"ReadAction\",\"target\":[\"https:\\\/\\\/momsteel.com.pt\\\/en\\\/area-reservada\\\/\"]}]},{\"@type\":\"BreadcrumbList\",\"@id\":\"https:\\\/\\\/momsteel.com.pt\\\/en\\\/area-reservada\\\/#breadcrumb\",\"itemListElement\":[{\"@type\":\"ListItem\",\"position\":1,\"name\":\"Home\",\"item\":\"https:\\\/\\\/momsteel.com.pt\\\/en\\\/\"},{\"@type\":\"ListItem\",\"position\":2,\"name\":\"\u00c1rea Reservada\"}]},{\"@type\":\"WebSite\",\"@id\":\"https:\\\/\\\/momsteel.com.pt\\\/en\\\/#website\",\"url\":\"https:\\\/\\\/momsteel.com.pt\\\/en\\\/\",\"name\":\"Momsteel\",\"description\":\"MOMSTEEL \u2013 EIFFAGE \u00e9 uma refer\u00eancia na conce\u00e7\u00e3o e constru\u00e7\u00e3o de estruturas met\u00e1licas, entregues no prazo acordado e com uma pegada ecol\u00f3gica reduzida\",\"publisher\":{\"@id\":\"https:\\\/\\\/momsteel.com.pt\\\/en\\\/#organization\"},\"alternateName\":\"MOMSTEEL \u2013 EIFFAGE\",\"potentialAction\":[{\"@type\":\"SearchAction\",\"target\":{\"@type\":\"EntryPoint\",\"urlTemplate\":\"https:\\\/\\\/momsteel.com.pt\\\/en\\\/?s={search_term_string}\"},\"query-input\":{\"@type\":\"PropertyValueSpecification\",\"valueRequired\":true,\"valueName\":\"search_term_string\"}}],\"inLanguage\":\"en-US\"},{\"@type\":\"Organization\",\"@id\":\"https:\\\/\\\/momsteel.com.pt\\\/en\\\/#organization\",\"name\":\"Momsteel\",\"url\":\"https:\\\/\\\/momsteel.com.pt\\\/en\\\/\",\"logo\":{\"@type\":\"ImageObject\",\"inLanguage\":\"en-US\",\"@id\":\"https:\\\/\\\/momsteel.com.pt\\\/en\\\/#\\\/schema\\\/logo\\\/image\\\/\",\"url\":\"https:\\\/\\\/momsteel.com.pt\\\/wp-content\\\/uploads\\\/2024\\\/07\\\/Logotipo_MOMSteel.png\",\"contentUrl\":\"https:\\\/\\\/momsteel.com.pt\\\/wp-content\\\/uploads\\\/2024\\\/07\\\/Logotipo_MOMSteel.png\",\"width\":1644,\"height\":407,\"caption\":\"Momsteel\"},\"image\":{\"@id\":\"https:\\\/\\\/momsteel.com.pt\\\/en\\\/#\\\/schema\\\/logo\\\/image\\\/\"}}]}<\/script>\n<!-- \/ Yoast SEO plugin. -->","yoast_head_json":{"title":"\u00c1rea Reservada - Momsteel","description":"MOMSTEEL \u2013 EIFFAGE \u00e9 uma refer\u00eancia na conce\u00e7\u00e3o e constru\u00e7\u00e3o de estruturas met\u00e1licas, entregues no prazo acordado e com uma pegada ecol\u00f3gica reduzida","robots":{"index":"index","follow":"follow","max-snippet":"max-snippet:-1","max-image-preview":"max-image-preview:large","max-video-preview":"max-video-preview:-1"},"canonical":"https:\/\/momsteel.com.pt\/en\/area-reservada\/","og_locale":"en_US","og_type":"article","og_title":"\u00c1rea Reservada - Momsteel","og_description":"MOMSTEEL \u2013 EIFFAGE \u00e9 uma refer\u00eancia na conce\u00e7\u00e3o e constru\u00e7\u00e3o de estruturas met\u00e1licas, entregues no prazo acordado e com uma pegada ecol\u00f3gica reduzida","og_url":"https:\/\/momsteel.com.pt\/en\/area-reservada\/","og_site_name":"Momsteel","article_modified_time":"2024-07-24T11:34:14+00:00","og_image":[{"width":2560,"height":1709,"url":"https:\/\/momsteel.com.pt\/wp-content\/uploads\/2024\/06\/31-DSC_5600_MOMSTEEL-scaled.jpg","type":"image\/jpeg"}],"twitter_card":"summary_large_image","twitter_misc":{"Est. reading time":"1 minute"},"schema":{"@context":"https:\/\/schema.org","@graph":[{"@type":"WebPage","@id":"https:\/\/momsteel.com.pt\/en\/area-reservada\/","url":"https:\/\/momsteel.com.pt\/en\/area-reservada\/","name":"\u00c1rea Reservada - Momsteel","isPartOf":{"@id":"https:\/\/momsteel.com.pt\/en\/#website"},"datePublished":"2024-06-25T15:07:06+00:00","dateModified":"2024-07-24T11:34:14+00:00","description":"MOMSTEEL \u2013 EIFFAGE \u00e9 uma refer\u00eancia na conce\u00e7\u00e3o e constru\u00e7\u00e3o de estruturas met\u00e1licas, entregues no prazo acordado e com uma pegada ecol\u00f3gica reduzida","breadcrumb":{"@id":"https:\/\/momsteel.com.pt\/en\/area-reservada\/#breadcrumb"},"inLanguage":"en-US","potentialAction":[{"@type":"ReadAction","target":["https:\/\/momsteel.com.pt\/en\/area-reservada\/"]}]},{"@type":"BreadcrumbList","@id":"https:\/\/momsteel.com.pt\/en\/area-reservada\/#breadcrumb","itemListElement":[{"@type":"ListItem","position":1,"name":"Home","item":"https:\/\/momsteel.com.pt\/en\/"},{"@type":"ListItem","position":2,"name":"\u00c1rea Reservada"}]},{"@type":"WebSite","@id":"https:\/\/momsteel.com.pt\/en\/#website","url":"https:\/\/momsteel.com.pt\/en\/","name":"Momsteel","description":"MOMSTEEL \u2013 EIFFAGE \u00e9 uma refer\u00eancia na conce\u00e7\u00e3o e constru\u00e7\u00e3o de estruturas met\u00e1licas, entregues no prazo acordado e com uma pegada ecol\u00f3gica reduzida","publisher":{"@id":"https:\/\/momsteel.com.pt\/en\/#organization"},"alternateName":"MOMSTEEL \u2013 EIFFAGE","potentialAction":[{"@type":"SearchAction","target":{"@type":"EntryPoint","urlTemplate":"https:\/\/momsteel.com.pt\/en\/?s={search_term_string}"},"query-input":{"@type":"PropertyValueSpecification","valueRequired":true,"valueName":"search_term_string"}}],"inLanguage":"en-US"},{"@type":"Organization","@id":"https:\/\/momsteel.com.pt\/en\/#organization","name":"Momsteel","url":"https:\/\/momsteel.com.pt\/en\/","logo":{"@type":"ImageObject","inLanguage":"en-US","@id":"https:\/\/momsteel.com.pt\/en\/#\/schema\/logo\/image\/","url":"https:\/\/momsteel.com.pt\/wp-content\/uploads\/2024\/07\/Logotipo_MOMSteel.png","contentUrl":"https:\/\/momsteel.com.pt\/wp-content\/uploads\/2024\/07\/Logotipo_MOMSteel.png","width":1644,"height":407,"caption":"Momsteel"},"image":{"@id":"https:\/\/momsteel.com.pt\/en\/#\/schema\/logo\/image\/"}}]}},"_links":{"self":[{"href":"https:\/\/momsteel.com.pt\/en\/wp-json\/wp\/v2\/pages\/4287","targetHints":{"allow":["GET"]}}],"collection":[{"href":"https:\/\/momsteel.com.pt\/en\/wp-json\/wp\/v2\/pages"}],"about":[{"href":"https:\/\/momsteel.com.pt\/en\/wp-json\/wp\/v2\/types\/page"}],"author":[{"embeddable":true,"href":"https:\/\/momsteel.com.pt\/en\/wp-json\/wp\/v2\/users\/1"}],"replies":[{"embeddable":true,"href":"https:\/\/momsteel.com.pt\/en\/wp-json\/wp\/v2\/comments?post=4287"}],"version-history":[{"count":0,"href":"https:\/\/momsteel.com.pt\/en\/wp-json\/wp\/v2\/pages\/4287\/revisions"}],"wp:attachment":[{"href":"https:\/\/momsteel.com.pt\/en\/wp-json\/wp\/v2\/media?parent=4287"}],"curies":[{"name":"wp","href":"https:\/\/api.w.org\/{rel}","templated":true}]}}