{"id":4289,"date":"2024-04-15T16:27:43","date_gmt":"2024-04-15T16:27:43","guid":{"rendered":"https:\/\/momsteel.com.pt\/404-2\/"},"modified":"2024-07-24T11:34:04","modified_gmt":"2024-07-24T11:34:04","slug":"404-2","status":"publish","type":"page","link":"https:\/\/momsteel.com.pt\/en\/404-2\/","title":{"rendered":"404"},"content":{"rendered":"\t\t<div data-elementor-type=\"wp-page\" data-elementor-id=\"4289\" class=\"elementor elementor-4289 elementor-1669\">\n\t\t\t\t<div class=\"elementor-element elementor-element-8cdf38a e-flex e-con-boxed e-con e-parent\" data-id=\"8cdf38a\" data-element_type=\"container\" data-e-type=\"container\">\n\t\t\t\t\t<div class=\"e-con-inner\">\n\t\t<div class=\"elementor-element elementor-element-f731ddc e-flex e-con-boxed e-con e-child\" data-id=\"f731ddc\" data-element_type=\"container\" data-e-type=\"container\">\n\t\t\t\t\t<div class=\"e-con-inner\">\n\t\t\t\t<div class=\"elementor-element elementor-element-4aaeaff elementor-widget__width-initial elementor-widget-tablet__width-initial elementor-widget-mobile__width-initial elementor-widget-divider--view-line elementor-widget elementor-widget-divider\" data-id=\"4aaeaff\" data-element_type=\"widget\" data-e-type=\"widget\" data-widget_type=\"divider.default\">\n\t\t\t\t<div class=\"elementor-widget-container\">\n\t\t\t\t\t\t\t<div class=\"elementor-divider\">\n\t\t\t<span class=\"elementor-divider-separator\">\n\t\t\t\t\t\t<\/span>\n\t\t<\/div>\n\t\t\t\t\t\t<\/div>\n\t\t\t\t<\/div>\n\t\t\t\t<div class=\"elementor-element elementor-element-0f97571 elementor-widget elementor-widget-heading\" data-id=\"0f97571\" data-element_type=\"widget\" data-e-type=\"widget\" data-widget_type=\"heading.default\">\n\t\t\t\t<div class=\"elementor-widget-container\">\n\t\t\t\t\t<h6 class=\"elementor-heading-title elementor-size-default\">ERRO 404<\/h6>\t\t\t\t<\/div>\n\t\t\t\t<\/div>\n\t\t\t\t\t<\/div>\n\t\t\t\t<\/div>\n\t\t<div class=\"elementor-element elementor-element-36aea59 e-flex e-con-boxed e-con e-child\" data-id=\"36aea59\" data-element_type=\"container\" data-e-type=\"container\">\n\t\t\t\t\t<div class=\"e-con-inner\">\n\t\t<div class=\"elementor-element elementor-element-ae6b91e e-con-full e-flex e-con e-child\" data-id=\"ae6b91e\" data-element_type=\"container\" data-e-type=\"container\">\n\t\t\t\t<div class=\"elementor-element elementor-element-ea297ae elementor-widget elementor-widget-heading\" data-id=\"ea297ae\" data-element_type=\"widget\" data-e-type=\"widget\" data-widget_type=\"heading.default\">\n\t\t\t\t<div class=\"elementor-widget-container\">\n\t\t\t\t\t<h2 class=\"elementor-heading-title elementor-size-default\">404<\/h2>\t\t\t\t<\/div>\n\t\t\t\t<\/div>\n\t\t\t\t<div class=\"elementor-element elementor-element-d978613 elementor-widget__width-initial elementor-widget elementor-widget-text-editor\" data-id=\"d978613\" data-element_type=\"widget\" data-e-type=\"widget\" data-widget_type=\"text-editor.default\">\n\t\t\t\t<div class=\"elementor-widget-container\">\n\t\t\t\t\t\t\t\t\t<p>A p\u00e1gina que procura n\u00e3o foi encontrada<\/p>\t\t\t\t\t\t\t\t<\/div>\n\t\t\t\t<\/div>\n\t\t\t\t<div class=\"elementor-element elementor-element-4697fcf button-404 elementor-align-left elementor-widget elementor-widget-raven-button\" data-id=\"4697fcf\" data-element_type=\"widget\" data-e-type=\"widget\" data-settings=\"{&quot;turn_to_popup_action_button&quot;:&quot;no&quot;}\" data-widget_type=\"raven-button.default\">\n\t\t\t\t<div class=\"elementor-widget-container\">\n\t\t\t\t\t\t\t<div class=\"raven-widget-wrapper\">\n\t\t\t<a class=\"raven-button raven-button-widget-normal-effect-none elementor-button raven-button-text-align-center raven-button-link elementor-animation-none\" href=\"\/home\/\">\t\t\t\t<div class=\"raven-button-overlay\" ><\/div>\n\t\t\t\t<span class=\"raven-button-content\">\n\t\t\t\t\t\n\t\t\t\t\t<div class=\"button-text-container\">\n\t\t\t\t\t\t\t\t\t\t\t\t<div class=\"raven-button-texts-wrapper\">\n\t\t\t\t\t\t\t<div class=\"button-text\">\n\t\t\t\t\t\t\t\t<span class=\"raven-button-text\">\n\t\t\t\t\t\t\t\t\tVoltar \u00e0 homepage\t\t\t\t\t\t\t\t<\/span>\n\t\t\t\t\t\t\t<\/div>\n\t\t\t\t\t\t\t\t\t\t\t\t\t<\/div>\n\t\t\t\t\t\t\t\t\t\t\t<\/div>\n\t\t\t\t\t\n\t\t\t\t\t\t\t\t\t<\/span>\n\t\t\t<\/a>\t\t<\/div>\n\t\t\t\t\t\t<\/div>\n\t\t\t\t<\/div>\n\t\t\t\t<\/div>\n\t\t<div class=\"elementor-element elementor-element-515bf4c e-con-full e-flex e-con e-child\" data-id=\"515bf4c\" data-element_type=\"container\" data-e-type=\"container\">\n\t\t\t\t<div class=\"elementor-element elementor-element-b7e131b elementor-widget elementor-widget-raven-image\" data-id=\"b7e131b\" data-element_type=\"widget\" data-e-type=\"widget\" data-widget_type=\"raven-image.default\">\n\t\t\t\t<div class=\"elementor-widget-container\">\n\t\t\t\t\t\t\t<div class=\"raven-image\">\n\t\t\n\t\t\n\t\t<img fetchpriority=\"high\" decoding=\"async\" width=\"254\" height=\"251\" src=\"https:\/\/momsteel.com.pt\/wp-content\/uploads\/2024\/04\/Rectangle-14.svg\" class=\"attachment-full size-full wp-image-3793\" alt=\"\" \/>\t\t<\/div>\n\t\t\t\t\t\t<\/div>\n\t\t\t\t<\/div>\n\t\t\t\t<\/div>\n\t\t\t\t\t<\/div>\n\t\t\t\t<\/div>\n\t\t\t\t\t<\/div>\n\t\t\t\t<\/div>\n\t\t\t\t<\/div>\n\t\t","protected":false},"excerpt":{"rendered":"<p>ERRO 404 404 A p\u00e1gina que procura n\u00e3o foi encontrada Voltar \u00e0 homepage<\/p>\n","protected":false},"author":1,"featured_media":0,"parent":0,"menu_order":0,"comment_status":"closed","ping_status":"closed","template":"elementor_header_footer","meta":{"_acf_changed":false,"footnotes":""},"class_list":["post-4289","page","type-page","status-publish","hentry"],"acf":[],"yoast_head":"<!-- This site is optimized with the Yoast SEO plugin v27.4 - https:\/\/yoast.com\/product\/yoast-seo-wordpress\/ -->\n<title>404 - Momsteel<\/title>\n<meta name=\"description\" content=\"MOMSTEEL \u2013 EIFFAGE \u00e9 uma refer\u00eancia na conce\u00e7\u00e3o e constru\u00e7\u00e3o de estruturas met\u00e1licas, entregues no prazo acordado e com uma pegada ecol\u00f3gica reduzida\" \/>\n<meta name=\"robots\" content=\"index, follow, max-snippet:-1, max-image-preview:large, max-video-preview:-1\" \/>\n<link rel=\"canonical\" href=\"https:\/\/momsteel.com.pt\/en\/404-2\/\" \/>\n<meta property=\"og:locale\" content=\"en_US\" \/>\n<meta property=\"og:type\" content=\"article\" \/>\n<meta property=\"og:title\" content=\"404 - Momsteel\" \/>\n<meta property=\"og:description\" content=\"MOMSTEEL \u2013 EIFFAGE \u00e9 uma refer\u00eancia na conce\u00e7\u00e3o e constru\u00e7\u00e3o de estruturas met\u00e1licas, entregues no prazo acordado e com uma pegada ecol\u00f3gica reduzida\" \/>\n<meta property=\"og:url\" content=\"https:\/\/momsteel.com.pt\/en\/404-2\/\" \/>\n<meta property=\"og:site_name\" content=\"Momsteel\" \/>\n<meta property=\"article:modified_time\" content=\"2024-07-24T11:34:04+00:00\" \/>\n<meta property=\"og:image\" content=\"https:\/\/momsteel.com.pt\/wp-content\/uploads\/2024\/04\/Rectangle-14.svg\" \/>\n<meta name=\"twitter:card\" content=\"summary_large_image\" \/>\n<meta name=\"twitter:label1\" content=\"Est. reading time\" \/>\n\t<meta name=\"twitter:data1\" content=\"1 minute\" \/>\n<script type=\"application\/ld+json\" class=\"yoast-schema-graph\">{\"@context\":\"https:\\\/\\\/schema.org\",\"@graph\":[{\"@type\":\"WebPage\",\"@id\":\"https:\\\/\\\/momsteel.com.pt\\\/en\\\/404-2\\\/\",\"url\":\"https:\\\/\\\/momsteel.com.pt\\\/en\\\/404-2\\\/\",\"name\":\"404 - Momsteel\",\"isPartOf\":{\"@id\":\"https:\\\/\\\/momsteel.com.pt\\\/en\\\/#website\"},\"primaryImageOfPage\":{\"@id\":\"https:\\\/\\\/momsteel.com.pt\\\/en\\\/404-2\\\/#primaryimage\"},\"image\":{\"@id\":\"https:\\\/\\\/momsteel.com.pt\\\/en\\\/404-2\\\/#primaryimage\"},\"thumbnailUrl\":\"https:\\\/\\\/momsteel.com.pt\\\/wp-content\\\/uploads\\\/2024\\\/04\\\/Rectangle-14.svg\",\"datePublished\":\"2024-04-15T16:27:43+00:00\",\"dateModified\":\"2024-07-24T11:34:04+00:00\",\"description\":\"MOMSTEEL \u2013 EIFFAGE \u00e9 uma refer\u00eancia na conce\u00e7\u00e3o e constru\u00e7\u00e3o de estruturas met\u00e1licas, entregues no prazo acordado e com uma pegada ecol\u00f3gica reduzida\",\"breadcrumb\":{\"@id\":\"https:\\\/\\\/momsteel.com.pt\\\/en\\\/404-2\\\/#breadcrumb\"},\"inLanguage\":\"en-US\",\"potentialAction\":[{\"@type\":\"ReadAction\",\"target\":[\"https:\\\/\\\/momsteel.com.pt\\\/en\\\/404-2\\\/\"]}]},{\"@type\":\"ImageObject\",\"inLanguage\":\"en-US\",\"@id\":\"https:\\\/\\\/momsteel.com.pt\\\/en\\\/404-2\\\/#primaryimage\",\"url\":\"https:\\\/\\\/momsteel.com.pt\\\/wp-content\\\/uploads\\\/2024\\\/04\\\/Rectangle-14.svg\",\"contentUrl\":\"https:\\\/\\\/momsteel.com.pt\\\/wp-content\\\/uploads\\\/2024\\\/04\\\/Rectangle-14.svg\"},{\"@type\":\"BreadcrumbList\",\"@id\":\"https:\\\/\\\/momsteel.com.pt\\\/en\\\/404-2\\\/#breadcrumb\",\"itemListElement\":[{\"@type\":\"ListItem\",\"position\":1,\"name\":\"Home\",\"item\":\"https:\\\/\\\/momsteel.com.pt\\\/en\\\/\"},{\"@type\":\"ListItem\",\"position\":2,\"name\":\"404\"}]},{\"@type\":\"WebSite\",\"@id\":\"https:\\\/\\\/momsteel.com.pt\\\/en\\\/#website\",\"url\":\"https:\\\/\\\/momsteel.com.pt\\\/en\\\/\",\"name\":\"Momsteel\",\"description\":\"MOMSTEEL \u2013 EIFFAGE \u00e9 uma refer\u00eancia na conce\u00e7\u00e3o e constru\u00e7\u00e3o de estruturas met\u00e1licas, entregues no prazo acordado e com uma pegada ecol\u00f3gica reduzida\",\"publisher\":{\"@id\":\"https:\\\/\\\/momsteel.com.pt\\\/en\\\/#organization\"},\"alternateName\":\"MOMSTEEL \u2013 EIFFAGE\",\"potentialAction\":[{\"@type\":\"SearchAction\",\"target\":{\"@type\":\"EntryPoint\",\"urlTemplate\":\"https:\\\/\\\/momsteel.com.pt\\\/en\\\/?s={search_term_string}\"},\"query-input\":{\"@type\":\"PropertyValueSpecification\",\"valueRequired\":true,\"valueName\":\"search_term_string\"}}],\"inLanguage\":\"en-US\"},{\"@type\":\"Organization\",\"@id\":\"https:\\\/\\\/momsteel.com.pt\\\/en\\\/#organization\",\"name\":\"Momsteel\",\"url\":\"https:\\\/\\\/momsteel.com.pt\\\/en\\\/\",\"logo\":{\"@type\":\"ImageObject\",\"inLanguage\":\"en-US\",\"@id\":\"https:\\\/\\\/momsteel.com.pt\\\/en\\\/#\\\/schema\\\/logo\\\/image\\\/\",\"url\":\"https:\\\/\\\/momsteel.com.pt\\\/wp-content\\\/uploads\\\/2024\\\/07\\\/Logotipo_MOMSteel.png\",\"contentUrl\":\"https:\\\/\\\/momsteel.com.pt\\\/wp-content\\\/uploads\\\/2024\\\/07\\\/Logotipo_MOMSteel.png\",\"width\":1644,\"height\":407,\"caption\":\"Momsteel\"},\"image\":{\"@id\":\"https:\\\/\\\/momsteel.com.pt\\\/en\\\/#\\\/schema\\\/logo\\\/image\\\/\"}}]}<\/script>\n<!-- \/ Yoast SEO plugin. -->","yoast_head_json":{"title":"404 - Momsteel","description":"MOMSTEEL \u2013 EIFFAGE \u00e9 uma refer\u00eancia na conce\u00e7\u00e3o e constru\u00e7\u00e3o de estruturas met\u00e1licas, entregues no prazo acordado e com uma pegada ecol\u00f3gica reduzida","robots":{"index":"index","follow":"follow","max-snippet":"max-snippet:-1","max-image-preview":"max-image-preview:large","max-video-preview":"max-video-preview:-1"},"canonical":"https:\/\/momsteel.com.pt\/en\/404-2\/","og_locale":"en_US","og_type":"article","og_title":"404 - Momsteel","og_description":"MOMSTEEL \u2013 EIFFAGE \u00e9 uma refer\u00eancia na conce\u00e7\u00e3o e constru\u00e7\u00e3o de estruturas met\u00e1licas, entregues no prazo acordado e com uma pegada ecol\u00f3gica reduzida","og_url":"https:\/\/momsteel.com.pt\/en\/404-2\/","og_site_name":"Momsteel","article_modified_time":"2024-07-24T11:34:04+00:00","og_image":[{"url":"https:\/\/momsteel.com.pt\/wp-content\/uploads\/2024\/04\/Rectangle-14.svg","type":"","width":"","height":""}],"twitter_card":"summary_large_image","twitter_misc":{"Est. reading time":"1 minute"},"schema":{"@context":"https:\/\/schema.org","@graph":[{"@type":"WebPage","@id":"https:\/\/momsteel.com.pt\/en\/404-2\/","url":"https:\/\/momsteel.com.pt\/en\/404-2\/","name":"404 - Momsteel","isPartOf":{"@id":"https:\/\/momsteel.com.pt\/en\/#website"},"primaryImageOfPage":{"@id":"https:\/\/momsteel.com.pt\/en\/404-2\/#primaryimage"},"image":{"@id":"https:\/\/momsteel.com.pt\/en\/404-2\/#primaryimage"},"thumbnailUrl":"https:\/\/momsteel.com.pt\/wp-content\/uploads\/2024\/04\/Rectangle-14.svg","datePublished":"2024-04-15T16:27:43+00:00","dateModified":"2024-07-24T11:34:04+00:00","description":"MOMSTEEL \u2013 EIFFAGE \u00e9 uma refer\u00eancia na conce\u00e7\u00e3o e constru\u00e7\u00e3o de estruturas met\u00e1licas, entregues no prazo acordado e com uma pegada ecol\u00f3gica reduzida","breadcrumb":{"@id":"https:\/\/momsteel.com.pt\/en\/404-2\/#breadcrumb"},"inLanguage":"en-US","potentialAction":[{"@type":"ReadAction","target":["https:\/\/momsteel.com.pt\/en\/404-2\/"]}]},{"@type":"ImageObject","inLanguage":"en-US","@id":"https:\/\/momsteel.com.pt\/en\/404-2\/#primaryimage","url":"https:\/\/momsteel.com.pt\/wp-content\/uploads\/2024\/04\/Rectangle-14.svg","contentUrl":"https:\/\/momsteel.com.pt\/wp-content\/uploads\/2024\/04\/Rectangle-14.svg"},{"@type":"BreadcrumbList","@id":"https:\/\/momsteel.com.pt\/en\/404-2\/#breadcrumb","itemListElement":[{"@type":"ListItem","position":1,"name":"Home","item":"https:\/\/momsteel.com.pt\/en\/"},{"@type":"ListItem","position":2,"name":"404"}]},{"@type":"WebSite","@id":"https:\/\/momsteel.com.pt\/en\/#website","url":"https:\/\/momsteel.com.pt\/en\/","name":"Momsteel","description":"MOMSTEEL \u2013 EIFFAGE \u00e9 uma refer\u00eancia na conce\u00e7\u00e3o e constru\u00e7\u00e3o de estruturas met\u00e1licas, entregues no prazo acordado e com uma pegada ecol\u00f3gica reduzida","publisher":{"@id":"https:\/\/momsteel.com.pt\/en\/#organization"},"alternateName":"MOMSTEEL \u2013 EIFFAGE","potentialAction":[{"@type":"SearchAction","target":{"@type":"EntryPoint","urlTemplate":"https:\/\/momsteel.com.pt\/en\/?s={search_term_string}"},"query-input":{"@type":"PropertyValueSpecification","valueRequired":true,"valueName":"search_term_string"}}],"inLanguage":"en-US"},{"@type":"Organization","@id":"https:\/\/momsteel.com.pt\/en\/#organization","name":"Momsteel","url":"https:\/\/momsteel.com.pt\/en\/","logo":{"@type":"ImageObject","inLanguage":"en-US","@id":"https:\/\/momsteel.com.pt\/en\/#\/schema\/logo\/image\/","url":"https:\/\/momsteel.com.pt\/wp-content\/uploads\/2024\/07\/Logotipo_MOMSteel.png","contentUrl":"https:\/\/momsteel.com.pt\/wp-content\/uploads\/2024\/07\/Logotipo_MOMSteel.png","width":1644,"height":407,"caption":"Momsteel"},"image":{"@id":"https:\/\/momsteel.com.pt\/en\/#\/schema\/logo\/image\/"}}]}},"_links":{"self":[{"href":"https:\/\/momsteel.com.pt\/en\/wp-json\/wp\/v2\/pages\/4289","targetHints":{"allow":["GET"]}}],"collection":[{"href":"https:\/\/momsteel.com.pt\/en\/wp-json\/wp\/v2\/pages"}],"about":[{"href":"https:\/\/momsteel.com.pt\/en\/wp-json\/wp\/v2\/types\/page"}],"author":[{"embeddable":true,"href":"https:\/\/momsteel.com.pt\/en\/wp-json\/wp\/v2\/users\/1"}],"replies":[{"embeddable":true,"href":"https:\/\/momsteel.com.pt\/en\/wp-json\/wp\/v2\/comments?post=4289"}],"version-history":[{"count":0,"href":"https:\/\/momsteel.com.pt\/en\/wp-json\/wp\/v2\/pages\/4289\/revisions"}],"wp:attachment":[{"href":"https:\/\/momsteel.com.pt\/en\/wp-json\/wp\/v2\/media?parent=4289"}],"curies":[{"name":"wp","href":"https:\/\/api.w.org\/{rel}","templated":true}]}}